{"id":962,"date":"2016-11-17T09:23:35","date_gmt":"2016-11-17T09:23:35","guid":{"rendered":"http:\/\/tmp.bluefjords.com\/?page_id=962"},"modified":"2016-11-17T09:34:05","modified_gmt":"2016-11-17T09:34:05","slug":"datasenter-nynorsk","status":"publish","type":"page","link":"https:\/\/www.bluefjords.com\/?page_id=962","title":{"rendered":"Datasenter"},"content":{"rendered":"<p>BlueFjords sitt 650 kvm\u00a0&#8220;greenfield colocation&#8221; datasenter starta opp i 2015 i eit av dei mest naturskj\u00f8nne omr\u00e5da av Norge. I denne regionen, i n\u00e6rheiten av isbrear, fjell og fjordar, vert det produsert mykje vasskraft og derfor har regionen eit stort overskot av gr\u00f8n kraft. Dette, saman med Bluefjords sine\u00a0 &#8220;state-of-art&#8221; kj\u00f8lel\u00f8ysingar, gjer BlueFjords til eit\u00a0av verdas mest energieffektive\u00a0datasentre.<\/p>\n<h3>Sikkerheit\/sertifikat<\/h3>\n<p><span lang=\"EN-US\">&#8211; ISO 9001 (Quality Management Systems) <\/span><\/p>\n<p><span lang=\"EN-US\">&#8211; ISO 27001 (Information Security Systems)<\/span><\/p>\n<p>&#8211; 24\/7\/365 sikkerheit<\/p>\n<p>&#8211; EMP dempa<\/p>\n<p>&#8211; Kontrollert milj\u00f8 (vatn- luft og gasstett)<\/p>\n<p>&#8211; Alarmsystem<\/p>\n<p>&#8211; Kameraovervaking<\/p>\n<p>&#8211; Elektronisk adkomst \/ Revisjonsloggar<\/p>\n<p>&#8211; Bevegelsesdeteksjon for lys<\/p>\n<p>&#8211; Skap l\u00e5st (Individuell l\u00e5sing tilgjengeleg)<\/p>\n","protected":false},"excerpt":{"rendered":"<p>BlueFjords sitt 650 kvm\u00a0&#8220;greenfield colocation&#8221; datasenter starta opp i 2015 i eit av dei mest naturskj\u00f8nne omr\u00e5da av Norge. I denne regionen, i n\u00e6rheiten av isbrear, fjell og fjordar, vert det produsert mykje vasskraft og derfor har regionen eit stort overskot av gr\u00f8n kraft. Dette, saman med Bluefjords sine\u00a0 &#8220;state-of-art&#8221; kj\u00f8lel\u00f8ysingar, gjer BlueFjords til eit\u00a0av [&hellip;]<\/p>\n","protected":false},"author":1,"featured_media":0,"parent":0,"menu_order":0,"comment_status":"closed","ping_status":"closed","template":"","meta":{"footnotes":""},"aioseo_notices":[],"_links":{"self":[{"href":"https:\/\/www.bluefjords.com\/index.php?rest_route=\/wp\/v2\/pages\/962"}],"collection":[{"href":"https:\/\/www.bluefjords.com\/index.php?rest_route=\/wp\/v2\/pages"}],"about":[{"href":"https:\/\/www.bluefjords.com\/index.php?rest_route=\/wp\/v2\/types\/page"}],"author":[{"embeddable":true,"href":"https:\/\/www.bluefjords.com\/index.php?rest_route=\/wp\/v2\/users\/1"}],"replies":[{"embeddable":true,"href":"https:\/\/www.bluefjords.com\/index.php?rest_route=%2Fwp%2Fv2%2Fcomments&post=962"}],"version-history":[{"count":3,"href":"https:\/\/www.bluefjords.com\/index.php?rest_route=\/wp\/v2\/pages\/962\/revisions"}],"predecessor-version":[{"id":965,"href":"https:\/\/www.bluefjords.com\/index.php?rest_route=\/wp\/v2\/pages\/962\/revisions\/965"}],"wp:attachment":[{"href":"https:\/\/www.bluefjords.com\/index.php?rest_route=%2Fwp%2Fv2%2Fmedia&parent=962"}],"curies":[{"name":"wp","href":"https:\/\/api.w.org\/{rel}","templated":true}]}}