{"id":946,"date":"2016-11-16T14:15:51","date_gmt":"2016-11-16T14:15:51","guid":{"rendered":"http:\/\/tmp.bluefjords.com\/?page_id=946"},"modified":"2016-11-16T14:16:20","modified_gmt":"2016-11-16T14:16:20","slug":"datasenter-3","status":"publish","type":"page","link":"https:\/\/www.bluefjords.com\/?page_id=946","title":{"rendered":"Kommunikasjon"},"content":{"rendered":"<p><span lang=\"SV\">Datasenteret er ikkje berre den staden der virksomheita husar sine serverar. Det er no det f\u00f8rste kontaktpunktet for eit stadig aukende tal digitale og mobile kundar, og eit fundament for nye forretningsmodellar.<\/span><\/p>\n<p><span lang=\"SV\">I det moderne datasenteret er rask, effektiv og sikker kommunikasjon avgjerende faktorar. &#8220;Disaster Recovery&#8221; og &#8220;Business Continuity&#8221; stiller h\u00f8ge krav til ei moderne kommunikasjonsplattform ogs\u00e5 inne i datarommet; enorme datamengder skal behandleast og flyttast mellom ulike komponentar. Samspelet mellom hardware og software, samt utviklingen av eit software-definert nettverk, stiller krav til kvalitet i alle ledd.<\/span><\/p>\n<p><span lang=\"SV\"><span style=\"color: #000000; font-family: Calibri;\">\u00a0<\/span><\/span><span lang=\"SV\">BlueFjords sikrer deg den beste konnektivitet, du bestemmer sj\u00f8lv hastigheiten!<\/span><\/p>\n<p>BlueFjords er &#8220;carrier&#8221; n\u00f8ytral, men kan tilrettelegge og bist\u00e5 kundar for \u00e5 f\u00e5\u00a0optimal\u00a0kommunikasjon.<\/p>\n<p>To kommunikasjonsrom &#8211; ekte redundans p\u00e5\u00a0to separate fibertrasear som ikke kryssar kvarandre.<\/p>\n<p>Telenor, Kvantel, Enivest og Sognenett er i BlueFjords pr. dato.<\/p>\n<p>Nye p\u00e5 veg inn.<\/p>\n","protected":false},"excerpt":{"rendered":"<p>Datasenteret er ikkje berre den staden der virksomheita husar sine serverar. Det er no det f\u00f8rste kontaktpunktet for eit stadig aukende tal digitale og mobile kundar, og eit fundament for nye forretningsmodellar. I det moderne datasenteret er rask, effektiv og sikker kommunikasjon avgjerende faktorar. &#8220;Disaster Recovery&#8221; og &#8220;Business Continuity&#8221; stiller h\u00f8ge krav til ei moderne [&hellip;]<\/p>\n","protected":false},"author":2,"featured_media":0,"parent":0,"menu_order":0,"comment_status":"closed","ping_status":"closed","template":"","meta":{"footnotes":""},"aioseo_notices":[],"_links":{"self":[{"href":"https:\/\/www.bluefjords.com\/index.php?rest_route=\/wp\/v2\/pages\/946"}],"collection":[{"href":"https:\/\/www.bluefjords.com\/index.php?rest_route=\/wp\/v2\/pages"}],"about":[{"href":"https:\/\/www.bluefjords.com\/index.php?rest_route=\/wp\/v2\/types\/page"}],"author":[{"embeddable":true,"href":"https:\/\/www.bluefjords.com\/index.php?rest_route=\/wp\/v2\/users\/2"}],"replies":[{"embeddable":true,"href":"https:\/\/www.bluefjords.com\/index.php?rest_route=%2Fwp%2Fv2%2Fcomments&post=946"}],"version-history":[{"count":2,"href":"https:\/\/www.bluefjords.com\/index.php?rest_route=\/wp\/v2\/pages\/946\/revisions"}],"predecessor-version":[{"id":948,"href":"https:\/\/www.bluefjords.com\/index.php?rest_route=\/wp\/v2\/pages\/946\/revisions\/948"}],"wp:attachment":[{"href":"https:\/\/www.bluefjords.com\/index.php?rest_route=%2Fwp%2Fv2%2Fmedia&parent=946"}],"curies":[{"name":"wp","href":"https:\/\/api.w.org\/{rel}","templated":true}]}}