{"id":934,"date":"2016-11-16T13:20:55","date_gmt":"2016-11-16T13:20:55","guid":{"rendered":"http:\/\/tmp.bluefjords.com\/?page_id=934"},"modified":"2016-12-06T14:41:26","modified_gmt":"2016-12-06T14:41:26","slug":"datasenter-bokmal","status":"publish","type":"page","link":"https:\/\/www.bluefjords.com\/?page_id=934","title":{"rendered":"Datasenter"},"content":{"rendered":"<p>BlueFjords nye datasenter startet i 2015 opp\u00a0et\u00a0650 kvm &#8220;greenfield colocation&#8221; som ligger i et av de mest naturskj\u00f8nne omr\u00e5dene av Norge. I denne regionen, i n\u00e6rheten av isbreer, fjell og fjorder, produseres mye vannkraft og derfor har regionen et stort overskudd av gr\u00f8nn vannkraft. Dette, sammen med sine &#8220;state-of-art&#8221; kj\u00f8lel\u00f8sninger, gj\u00f8r BlueFjords til et\u00a0av verdens mest energieffektive\u00a0datasentre.<\/p>\n<h3>Sikkerhet\/sertifikater<\/h3>\n<p><span lang=\"EN-US\">&#8211; ISO 9001 (Quality Management Systems)<\/span><\/p>\n<p><span lang=\"EN-US\">&#8211; ISO 27001 (Information Security Systems)<\/span><\/p>\n<p>&#8211; 24\/7\/365 sikkerhet<\/p>\n<p>&#8211; EMP dempet<\/p>\n<p>&#8211; Kontrollert milj\u00f8 (vann- luft og gasstett)<\/p>\n<p>&#8211; Alarmsystem<\/p>\n<p>&#8211; Kameraoverv\u00e5king<\/p>\n<p>&#8211; Elektronisk adkomst \/ Revisjonslogger<\/p>\n<p>&#8211; Bevegelsesdeteksjoner for belysning<\/p>\n<p>&#8211; Skap l\u00e5st (Individuell l\u00e5sing tilgjengelig)<\/p>\n","protected":false},"excerpt":{"rendered":"<p>BlueFjords nye datasenter startet i 2015 opp\u00a0et\u00a0650 kvm &#8220;greenfield colocation&#8221; som ligger i et av de mest naturskj\u00f8nne omr\u00e5dene av Norge. I denne regionen, i n\u00e6rheten av isbreer, fjell og fjorder, produseres mye vannkraft og derfor har regionen et stort overskudd av gr\u00f8nn vannkraft. Dette, sammen med sine &#8220;state-of-art&#8221; kj\u00f8lel\u00f8sninger, gj\u00f8r BlueFjords til et\u00a0av verdens [&hellip;]<\/p>\n","protected":false},"author":2,"featured_media":0,"parent":0,"menu_order":0,"comment_status":"closed","ping_status":"closed","template":"","meta":{"footnotes":""},"aioseo_notices":[],"_links":{"self":[{"href":"https:\/\/www.bluefjords.com\/index.php?rest_route=\/wp\/v2\/pages\/934"}],"collection":[{"href":"https:\/\/www.bluefjords.com\/index.php?rest_route=\/wp\/v2\/pages"}],"about":[{"href":"https:\/\/www.bluefjords.com\/index.php?rest_route=\/wp\/v2\/types\/page"}],"author":[{"embeddable":true,"href":"https:\/\/www.bluefjords.com\/index.php?rest_route=\/wp\/v2\/users\/2"}],"replies":[{"embeddable":true,"href":"https:\/\/www.bluefjords.com\/index.php?rest_route=%2Fwp%2Fv2%2Fcomments&post=934"}],"version-history":[{"count":8,"href":"https:\/\/www.bluefjords.com\/index.php?rest_route=\/wp\/v2\/pages\/934\/revisions"}],"predecessor-version":[{"id":1024,"href":"https:\/\/www.bluefjords.com\/index.php?rest_route=\/wp\/v2\/pages\/934\/revisions\/1024"}],"wp:attachment":[{"href":"https:\/\/www.bluefjords.com\/index.php?rest_route=%2Fwp%2Fv2%2Fmedia&parent=934"}],"curies":[{"name":"wp","href":"https:\/\/api.w.org\/{rel}","templated":true}]}}