{"id":452,"date":"2014-07-09T07:35:05","date_gmt":"2014-07-09T07:35:05","guid":{"rendered":"http:\/\/tmp.bluefjords.com\/?page_id=452"},"modified":"2016-11-17T12:51:21","modified_gmt":"2016-11-17T12:51:21","slug":"lokasjon","status":"publish","type":"page","link":"https:\/\/www.bluefjords.com\/?page_id=452","title":{"rendered":"Lokasjon"},"content":{"rendered":"<p><span style=\"color: #008000;\"><span style=\"color: #3366ff;\"><span style=\"font-weight: bold;\">BlueFjords\u00a0<\/span><\/span><span style=\"color: #333333;\">har bygd sitt datasenter i Luster Kommune<\/span><span style=\"font-weight: bold;\">,<\/span><span style=\"color: #333333;\"> plassert ved<\/span><span style=\"font-weight: bold;\">\u00a0<\/span><\/span>\u00a0inngangen til langstrakte Jostedalen. Luster kommune er en kraftkommune med rikeleg tilgang p\u00e5 vasskraft. Jostedal Datasenter ligg kun f\u00e5 meter fra lokalt kraftverk, som er eit straumknutepunkt med mating fra totalt 4 frittst\u00e5ande kraftstasjonar. Her har BlueFjords 15 MW rein og\u00a0fornybar energi tilgjengeleg.<\/p>\n<p>Stabilt og relativt kj\u00f8leg klima basert p\u00e5 n\u00e6rheit til mektige Jostedalsbreen er med p\u00e5 \u00e5 gjera staden velegna for \u00e5 produsere gr\u00f8n IT.<\/p>\n<p>I regionen bur det ca 15.000 mennesker.<\/p>\n<p>God skolestruktur, h\u00f8gskole og internasjonalt forskningsmilj\u00f8 innanfor 40 km. Gaupne har isfri havn og det er kun 50 km til flyplass med mange daglege avganger til Oslo og Bergen.<\/p>\n<p>&nbsp;<\/p>\n<p>&nbsp;<\/p>\n<p>&nbsp;<\/p>\n","protected":false},"excerpt":{"rendered":"<p>BlueFjords\u00a0har bygd sitt datasenter i Luster Kommune, plassert ved\u00a0\u00a0inngangen til langstrakte Jostedalen. Luster kommune er en kraftkommune med rikeleg tilgang p\u00e5 vasskraft. Jostedal Datasenter ligg kun f\u00e5 meter fra lokalt kraftverk, som er eit straumknutepunkt med mating fra totalt 4 frittst\u00e5ande kraftstasjonar. Her har BlueFjords 15 MW rein og\u00a0fornybar energi tilgjengeleg. Stabilt og relativt kj\u00f8leg [&hellip;]<\/p>\n","protected":false},"author":3,"featured_media":61,"parent":0,"menu_order":45,"comment_status":"closed","ping_status":"closed","template":"","meta":{"footnotes":""},"aioseo_notices":[],"_links":{"self":[{"href":"https:\/\/www.bluefjords.com\/index.php?rest_route=\/wp\/v2\/pages\/452"}],"collection":[{"href":"https:\/\/www.bluefjords.com\/index.php?rest_route=\/wp\/v2\/pages"}],"about":[{"href":"https:\/\/www.bluefjords.com\/index.php?rest_route=\/wp\/v2\/types\/page"}],"author":[{"embeddable":true,"href":"https:\/\/www.bluefjords.com\/index.php?rest_route=\/wp\/v2\/users\/3"}],"replies":[{"embeddable":true,"href":"https:\/\/www.bluefjords.com\/index.php?rest_route=%2Fwp%2Fv2%2Fcomments&post=452"}],"version-history":[{"count":5,"href":"https:\/\/www.bluefjords.com\/index.php?rest_route=\/wp\/v2\/pages\/452\/revisions"}],"predecessor-version":[{"id":984,"href":"https:\/\/www.bluefjords.com\/index.php?rest_route=\/wp\/v2\/pages\/452\/revisions\/984"}],"wp:featuredmedia":[{"embeddable":true,"href":"https:\/\/www.bluefjords.com\/index.php?rest_route=\/wp\/v2\/media\/61"}],"wp:attachment":[{"href":"https:\/\/www.bluefjords.com\/index.php?rest_route=%2Fwp%2Fv2%2Fmedia&parent=452"}],"curies":[{"name":"wp","href":"https:\/\/api.w.org\/{rel}","templated":true}]}}