{"id":446,"date":"2014-07-09T07:31:36","date_gmt":"2014-07-09T07:31:36","guid":{"rendered":"http:\/\/tmp.bluefjords.com\/?page_id=446"},"modified":"2016-11-17T12:48:16","modified_gmt":"2016-11-17T12:48:16","slug":"teknologi","status":"publish","type":"page","link":"https:\/\/www.bluefjords.com\/?page_id=446","title":{"rendered":"Teknologi"},"content":{"rendered":"<p><strong>BlueFjords datasenter er Norges einaste\u00a0datasenter bygd med iFortress modulbasert datahall. Datasenteret er bygd med siste tilgjengelege teknologi for \u00e5 optimalisere kostnadseffektive l\u00f8ysingar.\u00a0 Dobbel ( redundant ) straum vert levert heilt fram til PDU i rack for h\u00f8gaste sikkerheit, effektivitet og fleksibilitet. Kj\u00f8lingen er basert p\u00e5 det nyaste av luft til luft kj\u00f8larar. Dei er ekstremt effektive og\u00a0bidreg til ein PuE ned mot 1.1 i datasenteret. V\u00e5r tekniske partnar og datasenter-entrepren\u00f8r er <a href=\"http:\/\/dct.no\/\">Data Center Technology AS<\/a> som har levert alle tekniske l\u00f8ysingar i datasenteret.<\/strong><\/p>\n<p>&nbsp;<\/p>\n<h3>\u00a0Kortreist straum<\/h3>\n<ul type=\"disc\">\n<li>Plassering av datasenteret n\u00e6r vasskraftkjelda gjev reduserte straumkostnader fordi ein slepp \u00e5 betale for transport i nettet.<\/li>\n<li>BlueFjords datasenter\u00a0har 4 kraftverk i umiddelbar n\u00e6rheit -alle med f\u00f8ringar inn til ein av Norges st\u00f8rste krafthub&#8217;ar i Leird\u00f8la, som ligg kun 400 meter fra BlueFjords datasenter.\u00a0Vi har dermed kortreist, rimeleg og ikkje minst rikeleg med straum. S\u00e5 gr\u00f8nn som det er mogeleg \u00e5 f\u00e5 den. Vi har 2 uavhengige\u00a0framf\u00f8ringar fr\u00e5 kraftstasjonen og i tillegg har vi ein kraftig fullautomatisert\u00a0generator installert som reservekraft. Straumen vert levert via Eaton h\u00f8geffektive UPS\u2019ar\u00a0og batteribankar til datahallen. Alle ledd\u00a0har\u00a0full redundans.<\/li>\n<\/ul>\n<h3>\u00a0Kald luft\u00a0til kj\u00f8ling<\/h3>\n<ul type=\"disc\">\n<li>Jostedalsbreen ligg i enden av Jostedalen og sikrar stabil og kj\u00f8leg luft som vert brukt for kj\u00f8ling i datasenteret. Desse naturlege\u00a0 f\u00f8remonene\u00a0gjev rimelegare kj\u00f8ling enn andre steder i Norge. Vi baserar oss p\u00e5 dei nye ekstremkj\u00f8larane fra britiske ExCool.<\/li>\n<\/ul>\n<h3>Redundant fiber<\/h3>\n<ul type=\"disc\">\n<li>Det ligg redundant fiber fram til BlueFjords datasenter med separate f\u00f8ringsvegar like til sentralnode i Oslo. Dei fleste nettakt\u00f8rane er allerede p\u00e5 plass i regionen slik at du som kunde st\u00e5r relativt fritt\u00a0til \u00e5 velge din prefererte leverand\u00f8r. Doble\/krysskobla MMR ( Meet Me Room ) er tilgjengeleg for operat\u00f8rane.<\/li>\n<\/ul>\n<h3>Datahallen<\/h3>\n<ul type=\"disc\">\n<li>Sj\u00f8lve datahallen er bygd med iFortress rom i rom modul l\u00f8ysingar. Globale verksemder, myndigheiter, helse, millit\u00e6ret og hemmelige tenester vel iFortress til \u00e5 beskytte sine data. Strukturell og fysisk sikkerhet er ivareteke p\u00e5 ein optimal m\u00e5te. Hallen er vasstett, gasstett, brannsikker,\u00a0str\u00e5lingsikker\u00a0etc. for \u00e5 sikre stabile og trygge driftsforhold. Dei\u00a0fleksible modulane er\u00a0installert og forberedt\u00a0for framtidige utvidingar.<\/li>\n<\/ul>\n<h3>Sikkerheit<\/h3>\n<ul type=\"disc\">\n<li>I tillegg til den innebygde sikkerheiten i\u00a0iFortress-hallen har datasenteret fysisk adgangskontroll og sikring i hele senteret\u00a0med overvaking og etablert f\u00f8lgeteneste. Alle vitale rom er\u00a0sikra med effektiv og skadedempande Nuvec-brannslokkesystem.<\/li>\n<\/ul>\n<p>&nbsp;<\/p>\n","protected":false},"excerpt":{"rendered":"<p>BlueFjords datasenter er Norges einaste\u00a0datasenter bygd med iFortress modulbasert datahall. Datasenteret er bygd med siste tilgjengelege teknologi for \u00e5 optimalisere kostnadseffektive l\u00f8ysingar.\u00a0 Dobbel ( redundant ) straum vert levert heilt fram til PDU i rack for h\u00f8gaste sikkerheit, effektivitet og fleksibilitet. Kj\u00f8lingen er basert p\u00e5 det nyaste av luft til luft kj\u00f8larar. Dei er ekstremt [&hellip;]<\/p>\n","protected":false},"author":3,"featured_media":0,"parent":0,"menu_order":20,"comment_status":"closed","ping_status":"closed","template":"","meta":{"footnotes":""},"aioseo_notices":[],"_links":{"self":[{"href":"https:\/\/www.bluefjords.com\/index.php?rest_route=\/wp\/v2\/pages\/446"}],"collection":[{"href":"https:\/\/www.bluefjords.com\/index.php?rest_route=\/wp\/v2\/pages"}],"about":[{"href":"https:\/\/www.bluefjords.com\/index.php?rest_route=\/wp\/v2\/types\/page"}],"author":[{"embeddable":true,"href":"https:\/\/www.bluefjords.com\/index.php?rest_route=\/wp\/v2\/users\/3"}],"replies":[{"embeddable":true,"href":"https:\/\/www.bluefjords.com\/index.php?rest_route=%2Fwp%2Fv2%2Fcomments&post=446"}],"version-history":[{"count":11,"href":"https:\/\/www.bluefjords.com\/index.php?rest_route=\/wp\/v2\/pages\/446\/revisions"}],"predecessor-version":[{"id":982,"href":"https:\/\/www.bluefjords.com\/index.php?rest_route=\/wp\/v2\/pages\/446\/revisions\/982"}],"wp:attachment":[{"href":"https:\/\/www.bluefjords.com\/index.php?rest_route=%2Fwp%2Fv2%2Fmedia&parent=446"}],"curies":[{"name":"wp","href":"https:\/\/api.w.org\/{rel}","templated":true}]}}