{"id":443,"date":"2014-07-09T07:31:07","date_gmt":"2014-07-09T07:31:07","guid":{"rendered":"http:\/\/tmp.bluefjords.com\/?page_id=443"},"modified":"2020-01-08T10:02:34","modified_gmt":"2020-01-08T10:02:34","slug":"for-kunde","status":"publish","type":"page","link":"https:\/\/www.bluefjords.com\/?page_id=443","title":{"rendered":"Tenester"},"content":{"rendered":"<p>BlueFjords Datasenter tilbyr\u00a0ulike leigemodellar basert p\u00e5 kunden sitt behov. Som minimum h\u00e5ndterar Bluefjords fasiliteringstenester og leiger ut rackplass med n\u00f8dvendig tilgang til nettverk. Sikker, rikeleg og redundant straum sikra med batteribankar og generator. I datasenteret har BlueFjords tilgjengeleg inntil 15 MW 100% fornybar energi. H\u00f8geffektive og moderne UPS\u2019ar\u00a0med god\u00a0batteritid og redundant kj\u00f8ling basert p\u00e5 siste teknologi i indirekte luft til luft kj\u00f8ling. Dersom det skulle vera behov for meir straum enn 15 MW, s\u00e5 er dette tilgjengeleg fra kraftverket like ved. Omr\u00e5det er ogs\u00e5 regulert for \u00e5 ivareta ei utvida utbygging.<\/p>\n<p>Datasenteret sine kjernesystem har levert 100% oppetid sidan oppstart i 2015.<\/p>\n<h3><\/h3>\n<h3>Datasenter-areal<\/h3>\n<p>BlueFjords tilbyr den sikraste og beste fullservice IT housing for kunder som fokuserar p\u00e5 digital sikkerheit. Vi tilbyr kundetilpassa leige av:<\/p>\n<ul>\n<li>Rackplass<\/li>\n<li>Whitespace (areal)<\/li>\n<li>Kube<\/li>\n<li>Datahall<\/li>\n<\/ul>\n<h3>Straum og kj\u00f8ling<\/h3>\n<p>BlueFjords sin IT-housing blir levert med doble UPS og str\u00f8mforsyning og er det \u00a0f\u00f8rste datasenter\u00a0 i Norge som oppn\u00e5dde 100% frikj\u00f8ling (luft-til-luft).<\/p>\n<p>Jostedalsbreen er ein temperert bre, det vil sei at det renn vatn under og breen ligg p\u00e5 trykksmeltepunktet. Dette vatnet blir brukt til energiproduksjon.<\/p>\n<p>Breen er Norges st\u00f8rste ferskvasskjelde.<\/p>\n<h3>Konnektivitet<\/h3>\n<p>BlueFjords er \u00abcarrier-neutral\u00bb, men kan vera behjelpeleg med \u00e5 etablere kommunikasjon til\/fr\u00e5 datasenteret. I samarbeid med telekom-partnerar har vi etablert effektive og prisgunstige kommunikasjonsl\u00f8ysingar uansett kor du held til.<\/p>\n<ul>\n<li>&#8211; Fleire h\u00f8gkvalitets fiberkanalar tilgjengeleg<\/li>\n<li>&#8211; Fleire vegar inn i den europeiske marknaden er tilgjengeleg fra Oslo<\/li>\n<\/ul>\n<h3>Energimonitorering<\/h3>\n<p>BlueFjords tilbyr sine kundar\u00a0 energim\u00e5ling av netto forbruk\u00a0i racket\u00a0dersom det er \u00f8nskeleg. Avrekning opp mot datasenteret sin unike PuE (power usage effectiveness).<\/p>\n<h3>Verdiaukande tenester<\/h3>\n<p>I tillegg til housing av virksomheitskritisk utstyr, kan vi tilby kunde fleire datasenter administrerte tenester, der du kan velge din ideelle kombinasjon av fasilitet og driftsst\u00f8tte.<\/p>\n<p>Mengde og st\u00f8rrelse etter eige behov og \u00f8nsker.\u00a0Det er ogs\u00e5 mogelegheit for gjestekontor dersom du i ein periode treng n\u00e6rheit til installasjonane dine .<\/p>\n<p>Ta kontakt for info om vilk\u00e5r, fasilitetar og prisar (\u00a0<span style=\"font-weight: bold;\"><span class=\"baec5a81-e4d6-4674-97f3-e9220f0136c1\" style=\"white-space: nowrap;\">+47\u00a095 16 36 17 <\/span><\/span>).<\/p>\n","protected":false},"excerpt":{"rendered":"<p>BlueFjords Datasenter tilbyr\u00a0ulike leigemodellar basert p\u00e5 kunden sitt behov. Som minimum h\u00e5ndterar Bluefjords fasiliteringstenester og leiger ut rackplass med n\u00f8dvendig tilgang til nettverk. Sikker, rikeleg og redundant straum sikra med batteribankar og generator. I datasenteret har BlueFjords tilgjengeleg inntil 15 MW 100% fornybar energi. H\u00f8geffektive og moderne UPS\u2019ar\u00a0med god\u00a0batteritid og redundant kj\u00f8ling basert p\u00e5 siste [&hellip;]<\/p>\n","protected":false},"author":3,"featured_media":0,"parent":0,"menu_order":3,"comment_status":"closed","ping_status":"closed","template":"","meta":{"footnotes":""},"aioseo_notices":[],"_links":{"self":[{"href":"https:\/\/www.bluefjords.com\/index.php?rest_route=\/wp\/v2\/pages\/443"}],"collection":[{"href":"https:\/\/www.bluefjords.com\/index.php?rest_route=\/wp\/v2\/pages"}],"about":[{"href":"https:\/\/www.bluefjords.com\/index.php?rest_route=\/wp\/v2\/types\/page"}],"author":[{"embeddable":true,"href":"https:\/\/www.bluefjords.com\/index.php?rest_route=\/wp\/v2\/users\/3"}],"replies":[{"embeddable":true,"href":"https:\/\/www.bluefjords.com\/index.php?rest_route=%2Fwp%2Fv2%2Fcomments&post=443"}],"version-history":[{"count":13,"href":"https:\/\/www.bluefjords.com\/index.php?rest_route=\/wp\/v2\/pages\/443\/revisions"}],"predecessor-version":[{"id":1135,"href":"https:\/\/www.bluefjords.com\/index.php?rest_route=\/wp\/v2\/pages\/443\/revisions\/1135"}],"wp:attachment":[{"href":"https:\/\/www.bluefjords.com\/index.php?rest_route=%2Fwp%2Fv2%2Fmedia&parent=443"}],"curies":[{"name":"wp","href":"https:\/\/api.w.org\/{rel}","templated":true}]}}