{"id":34,"date":"2013-10-24T10:05:25","date_gmt":"2013-10-24T10:05:25","guid":{"rendered":"http:\/\/tmp.bluefjords.com\/?page_id=34"},"modified":"2016-11-17T12:48:44","modified_gmt":"2016-11-17T12:48:44","slug":"solution-2","status":"publish","type":"page","link":"https:\/\/www.bluefjords.com\/?page_id=34","title":{"rendered":"Teknologi"},"content":{"rendered":"<p><strong>BlueFjords datasenter er Norges eneste datasenter bygd med iFortress modulbasert datahall. Datasenteret er bygget med siste tilgjengelig teknologi for \u00e5 optimalisere kosteffektive l\u00f8sninger. Dobbel (redundant) str\u00f8m blir\u00a0levert helt frem til PDU i rack for h\u00f8yeste sikkerhet, effektivitet og fleksibilitet. Kj\u00f8lingen er basert p\u00e5 det nyeste av luft til luft kj\u00f8lere. De er ekstremt effektive og\u00a0bidrar til en PuE ned mot 1.1 i datasenteret. V\u00e5r tekniske partner og datasenter-entrepren\u00f8r er <a href=\"http:\/\/dct.no\/\">Data Center Technology AS<\/a> som har levert alle tekniske l\u00f8sninger i datasenteret.<\/strong><\/p>\n<p>&nbsp;<\/p>\n<h3>\u00a0Kortreist str\u00f8m<\/h3>\n<ul type=\"disc\">\n<li>Plassering av datasenteret n\u00e6r vannkraftkilden gir kraftig reduserte str\u00f8mkostnader, fordi man slipper \u00e5 betale for transport i nettet.<\/li>\n<li>BlueFjords datasenter\u00a0har 4 kraftverk i umiddelbar n\u00e6rhet -alle med f\u00f8ringer inn til en av Norges st\u00f8rste krafthub-er i Leird\u00f8la, som ligger kun 300 meter fra BlueFjords datasenter.\u00a0Vi har dermed kortreist, rimelig og ikke minst rikelig med str\u00f8m. S\u00e5 gr\u00f8nn som det er mulig \u00e5 f\u00e5 den. Vi har 2 uavhengige\u00a0fremf\u00f8ringer fra kraftstasjonen og i tillegg har vi kraftig fullautomatisert\u00a0generator installert som reservekraft. Str\u00f8mmen blir levert via Eaton h\u00f8yeffektive UPS\u2019er\u00a0og batteribanker til datahallen. Alle ledd\u00a0har\u00a0full redundans.<\/li>\n<\/ul>\n<h3>\u00a0Kald luft\u00a0til kj\u00f8ling<\/h3>\n<ul type=\"disc\">\n<li>Jostedalsbreen ligger i enden av Jostedalen og sikrer stabil og kj\u00f8lig luft som brukes for kj\u00f8ling i datasenteret. Disse naturgitte forutsetningene f\u00f8rer til rimeligere kj\u00f8ling enn andre steder i Norge. Vi baserer oss p\u00e5 de nye ekstremkj\u00f8lerne fra britiske ExCool.<\/li>\n<\/ul>\n<h3>Redundant fiber<\/h3>\n<ul type=\"disc\">\n<li>Det ligger redundant fiber fram til BlueFjords datasenter med separate f\u00f8ringsveier like til sentralnode i Oslo. De fleste nettakt\u00f8rene er allerede p\u00e5 plass i regionen slik at du som kunde st\u00e5r relativt til \u00e5 velge din prefererte leverand\u00f8r. Dobbel\/krysskoblet MMR ( Meet Me Room ) er tilgjengelig for operat\u00f8rene.<\/li>\n<\/ul>\n<h3>Datahallen<\/h3>\n<ul type=\"disc\">\n<li>Selve datahallen er bygget med iFortress rom i rom modul l\u00f8sninger. Globale virksomheter, myndigheter, helse, millit\u00e6ret og hemmelige tjenester velger iFortress til \u00e5 beskytte sine data. Strukturell og fysisk sikkerhet er ivaretatt p\u00e5 en optimal m\u00e5te. Hallen er vanntett, gasstett, brannsikker,\u00a0str\u00e5lingsikker\u00a0etc. for \u00e5 sikre stabile og trygge driftsforhold. De\u00a0fleksible modulene er\u00a0installert og forberedt\u00a0for fremtidige utvidinger.<\/li>\n<\/ul>\n<h3>Sikkerhet<\/h3>\n<ul type=\"disc\">\n<li>I tillegg til den innebygde sikkerheten i\u00a0iFortress-hallen har datasenteret fysisk adgangskontroll og sikring i hele senteret\u00a0med overv\u00e5kning og etablert f\u00f8lgetjeneste. Alle vitale rom er\u00a0sikret med effektiv og skadedempende gassbasert Nuvec-brannslukningssystem.<\/li>\n<\/ul>\n<p><a href=\"http:\/\/www.bluefjords.com\/wp-content\/uploads\/2014\/04\/teknologi_hp.png\">\u00a0<\/a><\/p>\n","protected":false},"excerpt":{"rendered":"<p>BlueFjords datasenter er Norges eneste datasenter bygd med iFortress modulbasert datahall. Datasenteret er bygget med siste tilgjengelig teknologi for \u00e5 optimalisere kosteffektive l\u00f8sninger. Dobbel (redundant) str\u00f8m blir\u00a0levert helt frem til PDU i rack for h\u00f8yeste sikkerhet, effektivitet og fleksibilitet. Kj\u00f8lingen er basert p\u00e5 det nyeste av luft til luft kj\u00f8lere. De er ekstremt effektive og\u00a0bidrar [&hellip;]<\/p>\n","protected":false},"author":1,"featured_media":689,"parent":0,"menu_order":20,"comment_status":"closed","ping_status":"closed","template":"","meta":{"footnotes":""},"aioseo_notices":[],"_links":{"self":[{"href":"https:\/\/www.bluefjords.com\/index.php?rest_route=\/wp\/v2\/pages\/34"}],"collection":[{"href":"https:\/\/www.bluefjords.com\/index.php?rest_route=\/wp\/v2\/pages"}],"about":[{"href":"https:\/\/www.bluefjords.com\/index.php?rest_route=\/wp\/v2\/types\/page"}],"author":[{"embeddable":true,"href":"https:\/\/www.bluefjords.com\/index.php?rest_route=\/wp\/v2\/users\/1"}],"replies":[{"embeddable":true,"href":"https:\/\/www.bluefjords.com\/index.php?rest_route=%2Fwp%2Fv2%2Fcomments&post=34"}],"version-history":[{"count":41,"href":"https:\/\/www.bluefjords.com\/index.php?rest_route=\/wp\/v2\/pages\/34\/revisions"}],"predecessor-version":[{"id":983,"href":"https:\/\/www.bluefjords.com\/index.php?rest_route=\/wp\/v2\/pages\/34\/revisions\/983"}],"wp:featuredmedia":[{"embeddable":true,"href":"https:\/\/www.bluefjords.com\/index.php?rest_route=\/wp\/v2\/media\/689"}],"wp:attachment":[{"href":"https:\/\/www.bluefjords.com\/index.php?rest_route=%2Fwp%2Fv2%2Fmedia&parent=34"}],"curies":[{"name":"wp","href":"https:\/\/api.w.org\/{rel}","templated":true}]}}