{"id":32,"date":"2013-10-24T10:05:03","date_gmt":"2013-10-24T10:05:03","guid":{"rendered":"http:\/\/tmp.bluefjords.com\/?page_id=32"},"modified":"2020-01-08T09:58:11","modified_gmt":"2020-01-08T09:58:11","slug":"solution-1","status":"publish","type":"page","link":"https:\/\/www.bluefjords.com\/?page_id=32","title":{"rendered":"Tjenester"},"content":{"rendered":"<p>BlueFjords Datasenter tilbyr\u00a0vi ulike leiemodeller basert p\u00e5 kundens behov. Som minimum h\u00e5ndterer Bluefjords fasiliteringstjenester og leier ut rackplass med n\u00f8dvendig tilgang til nettverk. Sikker, rikelig og redundant str\u00f8m sikret med batteribanker og generator. I datasenteret har BlueFjords tilgjengelig inntil 15 MW 100% fornybar energi. H\u00f8yeffektive og moderne UPS\u2019er\u00a0med god\u00a0batteritid og redundant kj\u00f8ling basert p\u00e5 siste teknologi i indirekte luft til luft kj\u00f8ling. Dersom det skulle v\u00e6re behov for mer str\u00f8m enn 15 MW, s\u00e5 er dette tilgjengelig fra kraftverket like ved. Omr\u00e5det er ogs\u00e5 regulert for \u00e5 ivareta en utvidet utbygging.<\/p>\n<p>Datasenteret sine kjernesystemer har levert 100% oppetid siden \u00e5pningen i 2015.<\/p>\n<h3>Datasenterareal<\/h3>\n<p>BlueFjords tilbyr den sikreste og beste fullservice IT housing for kunder som fokuserer p\u00e5 digital sikkerhet. Vi tilbyr kundetilpasset leie av:<\/p>\n<ul>\n<li>Rackplass<\/li>\n<li>Whitespace (areal)<\/li>\n<li>Kube<\/li>\n<li>Datahall<\/li>\n<\/ul>\n<h3>Str\u00f8m og kj\u00f8ling<\/h3>\n<p>BlueFjords sin IT-housing blir levert med UPS, doble powersupply og Norges f\u00f8rste datasenter som oppn\u00e5dde 100% frikj\u00f8ling (luft-til-luft).<\/p>\n<p>Jostedalsbreen er en temperert bre, det vil si at det renner vann under, og breen ligger p\u00e5 trykksmeltepunktet. Dette vatnet blir brukt til energiproduksjon.<\/p>\n<p>Breen er Norges st\u00f8rste ferskvannskilde.<\/p>\n<h3>Konnektivitet<\/h3>\n<p>BlueFjords er \u00abcarrier-neutral\u00bb, men kan v\u00e6re behjelpelig med \u00e5 etablere kommunikasjon til\/fra datasenteret. I samarbeid med telekom-partnere har vi etablert effektive og prisgunstige kommunikasjonsl\u00f8sninger uansett hvor du befinner deg.<\/p>\n<ul>\n<li>&#8211; Flere h\u00f8ykvalitets fiberkanaler tilgjengelig<\/li>\n<li>&#8211; Flere veier inn i det europeiske markedet fra Oslo tilgjengelig<\/li>\n<\/ul>\n<h3>Energimonitorering<\/h3>\n<p>BlueFjords tilbyr sine kunder om \u00f8nskelig energim\u00e5ling av netto forbruk I rack-et. Avrekning opp mot datasenterets unike PuE (power usage effectiveness).<\/p>\n<h3>Verdi\u00f8kende tjenester<\/h3>\n<p>I tillegg til housing av virksomhetskritisk utstyr, kan vi tilby kunde flere datasenter administrerte tjenester, der du kan velge din ideelle kombinasjon av fasiliteter og driftsst\u00f8tte.<\/p>\n<p>Mengde og st\u00f8rrelser etter eget behov og \u00f8nsker.\u00a0Det er ogs\u00e5 mulighet for gjestekontor dersom du i en periode trenger n\u00e6rhet til dine installasjoner.<\/p>\n<p>Ta kontakt for info om vilk\u00e5r, fasiliteter og priser ( <strong><span class=\"baec5a81-e4d6-4674-97f3-e9220f0136c1\" style=\"white-space: nowrap;\">+47 95 16 36 17<\/span><\/strong> ).<\/p>\n","protected":false},"excerpt":{"rendered":"<p>BlueFjords Datasenter tilbyr\u00a0vi ulike leiemodeller basert p\u00e5 kundens behov. Som minimum h\u00e5ndterer Bluefjords fasiliteringstjenester og leier ut rackplass med n\u00f8dvendig tilgang til nettverk. Sikker, rikelig og redundant str\u00f8m sikret med batteribanker og generator. I datasenteret har BlueFjords tilgjengelig inntil 15 MW 100% fornybar energi. H\u00f8yeffektive og moderne UPS\u2019er\u00a0med god\u00a0batteritid og redundant kj\u00f8ling basert p\u00e5 siste [&hellip;]<\/p>\n","protected":false},"author":1,"featured_media":0,"parent":0,"menu_order":3,"comment_status":"closed","ping_status":"closed","template":"","meta":{"footnotes":""},"aioseo_notices":[],"_links":{"self":[{"href":"https:\/\/www.bluefjords.com\/index.php?rest_route=\/wp\/v2\/pages\/32"}],"collection":[{"href":"https:\/\/www.bluefjords.com\/index.php?rest_route=\/wp\/v2\/pages"}],"about":[{"href":"https:\/\/www.bluefjords.com\/index.php?rest_route=\/wp\/v2\/types\/page"}],"author":[{"embeddable":true,"href":"https:\/\/www.bluefjords.com\/index.php?rest_route=\/wp\/v2\/users\/1"}],"replies":[{"embeddable":true,"href":"https:\/\/www.bluefjords.com\/index.php?rest_route=%2Fwp%2Fv2%2Fcomments&post=32"}],"version-history":[{"count":24,"href":"https:\/\/www.bluefjords.com\/index.php?rest_route=\/wp\/v2\/pages\/32\/revisions"}],"predecessor-version":[{"id":1126,"href":"https:\/\/www.bluefjords.com\/index.php?rest_route=\/wp\/v2\/pages\/32\/revisions\/1126"}],"wp:attachment":[{"href":"https:\/\/www.bluefjords.com\/index.php?rest_route=%2Fwp%2Fv2%2Fmedia&parent=32"}],"curies":[{"name":"wp","href":"https:\/\/api.w.org\/{rel}","templated":true}]}}