{"id":29,"date":"2013-10-24T10:03:16","date_gmt":"2013-10-24T10:03:16","guid":{"rendered":"http:\/\/tmp.bluefjords.com\/?page_id=29"},"modified":"2016-11-17T12:53:01","modified_gmt":"2016-11-17T12:53:01","slug":"site","status":"publish","type":"page","link":"https:\/\/www.bluefjords.com\/?page_id=29","title":{"rendered":"Lokasjon"},"content":{"rendered":"<p style=\"text-align: justify;\"><span style=\"color: #008000;\"><span style=\"color: #3366ff;\"><strong>BlueFjords <\/strong><\/span><span style=\"color: #333333;\">bygget sitt datasenter i Luster Kommune, p<\/span><span style=\"color: #333333;\">lassert ved<\/span><strong>\u00a0<\/strong><\/span> inngang til langstrakte Jostedalen. Luster kommune er en kraftkommune med rikelig tilgang p\u00e5 vannkraft. Jostedal datasenter ligger kun f\u00e5 meter fra lokalt kraftverk, som er et str\u00f8mknutepunkt med mating fra totalt 4 frittst\u00e5ende kraftstasjoner. Her har BlueFjords 15 MW ren og\u00a0fornybar energi tilgjengelig.<\/p>\n<p>Stabilt og relativt kj\u00f8lig klima basert p\u00e5 n\u00e6rhet til mektige Jostedalsbreen er med p\u00e5 \u00e5 gj\u00f8re stedet velegnet for \u00e5 produsere gr\u00f8nn IT.<\/p>\n<p>I regionen bor det ca 15.000 mennesker.<\/p>\n<p>God skolestruktur, h\u00f8yskole og internasjonalt forskningsmilj\u00f8 innenfor 40 km. Gaupne har isfri havn og det er kun 50 km til flyplass med mange daglige avganger til Oslo og Bergen.<\/p>\n<p>&nbsp;<\/p>\n<p>&nbsp;<\/p>\n","protected":false},"excerpt":{"rendered":"<p>BlueFjords bygget sitt datasenter i Luster Kommune, plassert ved\u00a0 inngang til langstrakte Jostedalen. Luster kommune er en kraftkommune med rikelig tilgang p\u00e5 vannkraft. Jostedal datasenter ligger kun f\u00e5 meter fra lokalt kraftverk, som er et str\u00f8mknutepunkt med mating fra totalt 4 frittst\u00e5ende kraftstasjoner. Her har BlueFjords 15 MW ren og\u00a0fornybar energi tilgjengelig. Stabilt og relativt [&hellip;]<\/p>\n","protected":false},"author":1,"featured_media":61,"parent":0,"menu_order":45,"comment_status":"closed","ping_status":"closed","template":"","meta":{"footnotes":""},"aioseo_notices":[],"_links":{"self":[{"href":"https:\/\/www.bluefjords.com\/index.php?rest_route=\/wp\/v2\/pages\/29"}],"collection":[{"href":"https:\/\/www.bluefjords.com\/index.php?rest_route=\/wp\/v2\/pages"}],"about":[{"href":"https:\/\/www.bluefjords.com\/index.php?rest_route=\/wp\/v2\/types\/page"}],"author":[{"embeddable":true,"href":"https:\/\/www.bluefjords.com\/index.php?rest_route=\/wp\/v2\/users\/1"}],"replies":[{"embeddable":true,"href":"https:\/\/www.bluefjords.com\/index.php?rest_route=%2Fwp%2Fv2%2Fcomments&post=29"}],"version-history":[{"count":25,"href":"https:\/\/www.bluefjords.com\/index.php?rest_route=\/wp\/v2\/pages\/29\/revisions"}],"predecessor-version":[{"id":985,"href":"https:\/\/www.bluefjords.com\/index.php?rest_route=\/wp\/v2\/pages\/29\/revisions\/985"}],"wp:featuredmedia":[{"embeddable":true,"href":"https:\/\/www.bluefjords.com\/index.php?rest_route=\/wp\/v2\/media\/61"}],"wp:attachment":[{"href":"https:\/\/www.bluefjords.com\/index.php?rest_route=%2Fwp%2Fv2%2Fmedia&parent=29"}],"curies":[{"name":"wp","href":"https:\/\/api.w.org\/{rel}","templated":true}]}}