{"id":218,"date":"2014-04-08T10:33:19","date_gmt":"2014-04-08T10:33:19","guid":{"rendered":"http:\/\/tmp.bluefjords.com\/?page_id=218"},"modified":"2014-07-08T12:47:51","modified_gmt":"2014-07-08T12:47:51","slug":"luster-kommune","status":"publish","type":"page","link":"https:\/\/www.bluefjords.com\/?page_id=218","title":{"rendered":"Luster kommune"},"content":{"rendered":"<p>Luster kommune ligger der Europas lengste fjord Sognefjorden, m\u00f8ter de tre nasjonalparkene Jostedalsbreen, Breheimen og Jotunheimen. Luster kommune er en av de st\u00f8rste kommunene i S\u00f8r Noreg, 2700 km2. Med alle fjellene og den integrerte naturen er Luster et eldorado for sports og friluftsinteresserte og er ogs\u00e5 et yndet turistm\u00e5l. I kommunesenteret Gaupne som ligger 4 km fra Jostedal datasenter finnes de fleste tenestytende funksjoner inkludert lokal bank, politi, kommuneadministrasjon, hotell etc.<\/p>\n<p>Luster kommune\u00a0ble i <a title=\"Dagens N\u00e6ringsliv\" href=\"http:\/\/www.dn.no\/nyheter\/politikkSamfunn\/2008\/08\/11\/her-er-det-best-a-bo\" target=\"_blank\">Dagens N\u00e6ringsliv<\/a> den 11.8.08 k\u00e5ret til Norges beste bosteds-kommune. K\u00e5ringen baserer seg p\u00e5 en rekke statistiske fakta, og Dagens N\u00e6ringsliv har samarbeidet med Statistisk Sentralbyr\u00e5 for \u00e5 komme fram til resultatene. Luster har et folketal i vekst &#8211; i oktober 2010 passerte vi 5000 innbyggere for f\u00f8rste gang siden \u00e5r 2000. Vi ser ogs\u00e5 at unge folk uten spesiell tilknytning flytter hit.<\/p>\n<p>Les mer om <a title=\"Luster kommune\" href=\"https:\/\/www.luster.kommune.no\/velkomen-til-luster.171451.nn.html\" target=\"_blank\">Luster kommune<\/a><\/p>\n<p>&nbsp;<\/p>\n<p><a href=\"http:\/\/www.bluefjords.com\/wp-content\/uploads\/2014\/04\/kart-luster.png\"><img loading=\"lazy\" decoding=\"async\" class=\"alignnone size-medium wp-image-221\" src=\"http:\/\/www.bluefjords.com\/wp-content\/uploads\/2014\/04\/kart-luster-300x161.png\" alt=\"kart luster\" width=\"300\" height=\"161\" srcset=\"https:\/\/www.bluefjords.com\/wp-content\/uploads\/2014\/04\/kart-luster-300x161.png 300w, https:\/\/www.bluefjords.com\/wp-content\/uploads\/2014\/04\/kart-luster-1024x551.png 1024w, https:\/\/www.bluefjords.com\/wp-content\/uploads\/2014\/04\/kart-luster.png 1206w\" sizes=\"(max-width: 300px) 100vw, 300px\" \/><\/a><\/p>\n","protected":false},"excerpt":{"rendered":"<p>Luster kommune ligger der Europas lengste fjord Sognefjorden, m\u00f8ter de tre nasjonalparkene Jostedalsbreen, Breheimen og Jotunheimen. Luster kommune er en av de st\u00f8rste kommunene i S\u00f8r Noreg, 2700 km2. Med alle fjellene og den integrerte naturen er Luster et eldorado for sports og friluftsinteresserte og er ogs\u00e5 et yndet turistm\u00e5l. I kommunesenteret Gaupne som ligger [&hellip;]<\/p>\n","protected":false},"author":2,"featured_media":0,"parent":29,"menu_order":1,"comment_status":"closed","ping_status":"closed","template":"","meta":{"footnotes":""},"aioseo_notices":[],"_links":{"self":[{"href":"https:\/\/www.bluefjords.com\/index.php?rest_route=\/wp\/v2\/pages\/218"}],"collection":[{"href":"https:\/\/www.bluefjords.com\/index.php?rest_route=\/wp\/v2\/pages"}],"about":[{"href":"https:\/\/www.bluefjords.com\/index.php?rest_route=\/wp\/v2\/types\/page"}],"author":[{"embeddable":true,"href":"https:\/\/www.bluefjords.com\/index.php?rest_route=\/wp\/v2\/users\/2"}],"replies":[{"embeddable":true,"href":"https:\/\/www.bluefjords.com\/index.php?rest_route=%2Fwp%2Fv2%2Fcomments&post=218"}],"version-history":[{"count":8,"href":"https:\/\/www.bluefjords.com\/index.php?rest_route=\/wp\/v2\/pages\/218\/revisions"}],"predecessor-version":[{"id":427,"href":"https:\/\/www.bluefjords.com\/index.php?rest_route=\/wp\/v2\/pages\/218\/revisions\/427"}],"up":[{"embeddable":true,"href":"https:\/\/www.bluefjords.com\/index.php?rest_route=\/wp\/v2\/pages\/29"}],"wp:attachment":[{"href":"https:\/\/www.bluefjords.com\/index.php?rest_route=%2Fwp%2Fv2%2Fmedia&parent=218"}],"curies":[{"name":"wp","href":"https:\/\/api.w.org\/{rel}","templated":true}]}}