{"id":12,"date":"2013-10-24T09:26:04","date_gmt":"2013-10-24T09:26:04","guid":{"rendered":"http:\/\/tmp.bluefjords.com\/?page_id=12"},"modified":"2022-11-16T10:33:33","modified_gmt":"2022-11-16T10:33:33","slug":"sidemenyinnhold","status":"publish","type":"page","link":"https:\/\/www.bluefjords.com\/?page_id=12","title":{"rendered":"Om oss"},"content":{"rendered":"<p>BlueFjords har satt i drift sitt f\u00f8rste datasenter p\u00e5 650 kvm. Dette kan ved behov\u00a0skaleres og bygges ut inntil 5000 kvm. Fremf\u00f8ring og tilgang p\u00e5 str\u00f8m er pr. i dag 15 MW, men med n\u00e6rliggende kraftstasjon i ryggen kan dette \u00f8kes opp ved behov. Det er netto eksport av str\u00f8m fra kommunen. Senteret ble ferdigstillt\u00a0i mars 2015 og er en betydelig\u00a0satsning i datasentermarkedet for lokale, regionale, nasjonale og internasjonale kunder.<\/p>\n<p>BlueFjords AS\u00a0har bygget\u00a0 sitt datasenter \u00abpasselig\u00bb stort og skalerbart:<\/p>\n<p><b>\u00a0<\/b><\/p>\n<ul>\n<li>&#8211; til \u00e5 v\u00e6re sv\u00e6rt kostnadseffektivt, som betyr rimelige tjenester til kunde.<\/li>\n<li>&#8211; til \u00e5 bygges med det nyeste og beste av teknologi.<\/li>\n<li>&#8211; til \u00e5 ta h\u00f8yde for n\u00f8dvendige sikkerhetsniv\u00e5.<\/li>\n<li>\u00a0-til \u00e5 optimalisere for stabilitet.<\/li>\n<\/ul>\n<p>BlueFjords ble ISO sertifisert i oktober 2016. ISO 9001 &#8211; kvalitetsledelse og ISO 27001 &#8211; system for informasjonssikkerhet. Sertifikatet er gyldig til 23.11.2025<\/p>\n<p><a href=\"http:\/\/www.bluefjords.com\/wp-content\/uploads\/2016\/11\/IQNet_MSYS001_norsk-med-ISO-text.jpg\"><img loading=\"lazy\" decoding=\"async\" class=\"wp-image-988 alignleft\" src=\"http:\/\/www.bluefjords.com\/wp-content\/uploads\/2016\/11\/IQNet_MSYS001_norsk-med-ISO-text-1024x412.jpg\" alt=\"iqnet_msys001_norsk-med-iso-text\" width=\"401\" height=\"161\" srcset=\"https:\/\/www.bluefjords.com\/wp-content\/uploads\/2016\/11\/IQNet_MSYS001_norsk-med-ISO-text-1024x412.jpg 1024w, https:\/\/www.bluefjords.com\/wp-content\/uploads\/2016\/11\/IQNet_MSYS001_norsk-med-ISO-text-300x121.jpg 300w, https:\/\/www.bluefjords.com\/wp-content\/uploads\/2016\/11\/IQNet_MSYS001_norsk-med-ISO-text-768x309.jpg 768w, https:\/\/www.bluefjords.com\/wp-content\/uploads\/2016\/11\/IQNet_MSYS001_norsk-med-ISO-text.jpg 1425w\" sizes=\"(max-width: 401px) 100vw, 401px\" \/><\/a><\/p>\n<p>Se ISO sertifikat <a href=\"https:\/\/www.bluefjords.com\/wp-content\/uploads\/2022\/11\/bluefj-qms-no.pdf\" target=\"_blank\" rel=\"noopener noreferrer\">9001<\/a>\u00a0\u00a0 <a href=\"https:\/\/www.bluefjords.com\/wp-content\/uploads\/2022\/11\/bluefj-iso-27001-sert.pdf\" target=\"_blank\" rel=\"noopener noreferrer\">27001<\/a><\/p>\n","protected":false},"excerpt":{"rendered":"<p>BlueFjords har satt i drift sitt f\u00f8rste datasenter p\u00e5 650 kvm. Dette kan ved behov\u00a0skaleres og bygges ut inntil 5000 kvm. Fremf\u00f8ring og tilgang p\u00e5 str\u00f8m er pr. i dag 15 MW, men med n\u00e6rliggende kraftstasjon i ryggen kan dette \u00f8kes opp ved behov. Det er netto eksport av str\u00f8m fra kommunen. Senteret ble ferdigstillt\u00a0i [&hellip;]<\/p>\n","protected":false},"author":1,"featured_media":0,"parent":0,"menu_order":80,"comment_status":"closed","ping_status":"closed","template":"","meta":{"footnotes":""},"aioseo_notices":[],"_links":{"self":[{"href":"https:\/\/www.bluefjords.com\/index.php?rest_route=\/wp\/v2\/pages\/12"}],"collection":[{"href":"https:\/\/www.bluefjords.com\/index.php?rest_route=\/wp\/v2\/pages"}],"about":[{"href":"https:\/\/www.bluefjords.com\/index.php?rest_route=\/wp\/v2\/types\/page"}],"author":[{"embeddable":true,"href":"https:\/\/www.bluefjords.com\/index.php?rest_route=\/wp\/v2\/users\/1"}],"replies":[{"embeddable":true,"href":"https:\/\/www.bluefjords.com\/index.php?rest_route=%2Fwp%2Fv2%2Fcomments&post=12"}],"version-history":[{"count":39,"href":"https:\/\/www.bluefjords.com\/index.php?rest_route=\/wp\/v2\/pages\/12\/revisions"}],"predecessor-version":[{"id":1203,"href":"https:\/\/www.bluefjords.com\/index.php?rest_route=\/wp\/v2\/pages\/12\/revisions\/1203"}],"wp:attachment":[{"href":"https:\/\/www.bluefjords.com\/index.php?rest_route=%2Fwp%2Fv2%2Fmedia&parent=12"}],"curies":[{"name":"wp","href":"https:\/\/api.w.org\/{rel}","templated":true}]}}